{"id":1175,"date":"2020-11-13T11:30:16","date_gmt":"2020-11-13T17:30:16","guid":{"rendered":"https:\/\/mujeresunidas.org\/?page_id=1175"},"modified":"2022-03-03T17:41:32","modified_gmt":"2022-03-03T23:41:32","slug":"community-education","status":"publish","type":"page","link":"https:\/\/mujeresunidas.org\/es\/community-education\/","title":{"rendered":"Programa de Educaci\u00f3n Comunitaria"},"content":{"rendered":"<div data-elementor-type=\"wp-post\" data-elementor-id=\"1175\" class=\"elementor elementor-1175\">\n\t\t\t\t\t\t<section class=\"elementor-section elementor-top-section elementor-element elementor-element-7c127255 elementor-section-boxed elementor-section-height-default elementor-section-height-default\" data-id=\"7c127255\" data-element_type=\"section\" data-e-type=\"section\" data-settings=\"{&quot;background_background&quot;:&quot;classic&quot;}\">\n\t\t\t\t\t\t\t<div class=\"elementor-background-overlay\"><\/div>\n\t\t\t\t\t\t\t<div class=\"elementor-container elementor-column-gap-default\">\n\t\t\t\t\t<div class=\"elementor-column elementor-col-16 elementor-top-column elementor-element elementor-element-407eae07\" data-id=\"407eae07\" data-element_type=\"column\" data-e-type=\"column\">\n\t\t\t<div class=\"elementor-widget-wrap\">\n\t\t\t\t\t\t\t<\/div>\n\t\t<\/div>\n\t\t\t\t<div class=\"elementor-column elementor-col-66 elementor-top-column elementor-element elementor-element-72c738cd\" data-id=\"72c738cd\" data-element_type=\"column\" data-e-type=\"column\">\n\t\t\t<div class=\"elementor-widget-wrap elementor-element-populated\">\n\t\t\t\t\t\t<div class=\"elementor-element elementor-element-3aebdbea elementor-widget elementor-widget-heading\" data-id=\"3aebdbea\" data-element_type=\"widget\" data-e-type=\"widget\" data-widget_type=\"heading.default\">\n\t\t\t\t<div class=\"elementor-widget-container\">\n\t\t\t\t\t<h2 class=\"elementor-heading-title elementor-size-default\">Programa de Educaci\u00f3n Comunitaria<\/h2>\t\t\t\t<\/div>\n\t\t\t\t<\/div>\n\t\t\t\t\t<\/div>\n\t\t<\/div>\n\t\t\t\t<div class=\"elementor-column elementor-col-16 elementor-top-column elementor-element elementor-element-2e2e130e\" data-id=\"2e2e130e\" data-element_type=\"column\" data-e-type=\"column\">\n\t\t\t<div class=\"elementor-widget-wrap\">\n\t\t\t\t\t\t\t<\/div>\n\t\t<\/div>\n\t\t\t\t\t<\/div>\n\t\t<\/section>\n\t\t\t\t<section class=\"elementor-section elementor-top-section elementor-element elementor-element-5de5859e elementor-section-boxed elementor-section-height-default elementor-section-height-default\" data-id=\"5de5859e\" data-element_type=\"section\" data-e-type=\"section\">\n\t\t\t\t\t\t<div class=\"elementor-container elementor-column-gap-default\">\n\t\t\t\t\t<div class=\"elementor-column elementor-col-33 elementor-top-column elementor-element elementor-element-25d1a130\" data-id=\"25d1a130\" data-element_type=\"column\" data-e-type=\"column\">\n\t\t\t<div class=\"elementor-widget-wrap elementor-element-populated\">\n\t\t\t\t\t\t<div class=\"elementor-element elementor-element-be0eb6d elementor-widget elementor-widget-heading\" data-id=\"be0eb6d\" data-element_type=\"widget\" data-e-type=\"widget\" data-widget_type=\"heading.default\">\n\t\t\t\t<div class=\"elementor-widget-container\">\n\t\t\t\t\t<h2 class=\"elementor-heading-title elementor-size-default\">Programa de Educaci\u00f3n Comunitaria<\/h2>\t\t\t\t<\/div>\n\t\t\t\t<\/div>\n\t\t\t\t<div class=\"elementor-element elementor-element-889efb5 elementor-widget elementor-widget-text-editor\" data-id=\"889efb5\" data-element_type=\"widget\" data-e-type=\"widget\" data-widget_type=\"text-editor.default\">\n\t\t\t\t<div class=\"elementor-widget-container\">\n\t\t\t\t\t\t\t\t\t<ul><li>Educaci\u00f3n para aumentar el conocimiento de la din\u00e1mica del abuso sexual, dom\u00e9stico, verbal, emocional y financiero.<\/li><li>Proporcionar servicios de la agencia, como opciones legales, asesoramiento, refugio y referencias a otros recursos.<br \/>resources.<\/li><li class=\"translation-block\">Entrenamiento profesional para profesionales que interact\u00faan con v\u00edctimas \/ sobrevivientes, como en hospitales, distritos escolares, colegios, universidades, agencias de aplicaci\u00f3n de la ley, etc.<\/li><li>Educaci\u00f3n preventiva para estudiantes de secundaria y universitarios. (Violencia entre parejas adolescentes)<\/li><li>Coordinar eventos como nuestra vigilia anual de velas en el mes de octubre y entrenamiento para voluntarios.<\/li><li>Talleres \/ Ferias de salud \/ Programas de divulgaci\u00f3n<\/li><li>Available for Community Education Presentations. Contact number (956) 630-4878.<\/li><\/ul>\t\t\t\t\t\t\t\t<\/div>\n\t\t\t\t<\/div>\n\t\t\t\t<div class=\"elementor-element elementor-element-5cba1710 elementor-widget-divider--view-line elementor-widget elementor-widget-divider\" data-id=\"5cba1710\" data-element_type=\"widget\" data-e-type=\"widget\" data-widget_type=\"divider.default\">\n\t\t\t\t<div class=\"elementor-widget-container\">\n\t\t\t\t\t\t\t<div class=\"elementor-divider\">\n\t\t\t<span class=\"elementor-divider-separator\">\n\t\t\t\t\t\t<\/span>\n\t\t<\/div>\n\t\t\t\t\t\t<\/div>\n\t\t\t\t<\/div>\n\t\t\t\t\t<\/div>\n\t\t<\/div>\n\t\t\t\t<div class=\"elementor-column elementor-col-33 elementor-top-column elementor-element elementor-element-6274fc1c\" data-id=\"6274fc1c\" data-element_type=\"column\" data-e-type=\"column\">\n\t\t\t<div class=\"elementor-widget-wrap elementor-element-populated\">\n\t\t\t\t\t\t<section class=\"elementor-section elementor-inner-section elementor-element elementor-element-23b04631 elementor-section-boxed elementor-section-height-default elementor-section-height-default\" data-id=\"23b04631\" data-element_type=\"section\" data-e-type=\"section\">\n\t\t\t\t\t\t<div class=\"elementor-container elementor-column-gap-default\">\n\t\t\t\t\t<div class=\"elementor-column elementor-col-100 elementor-inner-column elementor-element elementor-element-18adda80\" data-id=\"18adda80\" data-element_type=\"column\" data-e-type=\"column\" data-settings=\"{&quot;background_background&quot;:&quot;classic&quot;}\">\n\t\t\t<div class=\"elementor-widget-wrap elementor-element-populated\">\n\t\t\t\t\t<div class=\"elementor-background-overlay\"><\/div>\n\t\t\t\t\t\t<div class=\"elementor-element elementor-element-75eb5c85 elementor-widget elementor-widget-heading\" data-id=\"75eb5c85\" data-element_type=\"widget\" data-e-type=\"widget\" data-widget_type=\"heading.default\">\n\t\t\t\t<div class=\"elementor-widget-container\">\n\t\t\t\t\t<h5 class=\"elementor-heading-title elementor-size-default\">Linea de Ayuda las 24 Horas<\/h5>\t\t\t\t<\/div>\n\t\t\t\t<\/div>\n\t\t\t\t<div class=\"elementor-element elementor-element-65ceb57 elementor-widget elementor-widget-heading\" data-id=\"65ceb57\" data-element_type=\"widget\" data-e-type=\"widget\" data-widget_type=\"heading.default\">\n\t\t\t\t<div class=\"elementor-widget-container\">\n\t\t\t\t\t<h4 class=\"elementor-heading-title elementor-size-default\"><a href=\"tel:18005804879\">1-800-580-4879<\/a><\/h4>\t\t\t\t<\/div>\n\t\t\t\t<\/div>\n\t\t\t\t<div class=\"elementor-element elementor-element-481fb830 elementor-widget elementor-widget-spacer\" data-id=\"481fb830\" data-element_type=\"widget\" data-e-type=\"widget\" data-widget_type=\"spacer.default\">\n\t\t\t\t<div class=\"elementor-widget-container\">\n\t\t\t\t\t\t\t<div class=\"elementor-spacer\">\n\t\t\t<div class=\"elementor-spacer-inner\"><\/div>\n\t\t<\/div>\n\t\t\t\t\t\t<\/div>\n\t\t\t\t<\/div>\n\t\t\t\t<div class=\"elementor-element elementor-element-34f532c6 elementor-align-left elementor-mobile-align-center elementor-widget elementor-widget-button\" data-id=\"34f532c6\" data-element_type=\"widget\" data-e-type=\"widget\" data-widget_type=\"button.default\">\n\t\t\t\t<div class=\"elementor-widget-container\">\n\t\t\t\t\t\t\t\t\t<div class=\"elementor-button-wrapper\">\n\t\t\t\t\t<a class=\"elementor-button elementor-button-link elementor-size-sm\" href=\"https:\/\/www.paypal.com\/donate?token=M3ZrnwzHNhfsEjKDq7Gg8c0osI0vM8oxpDkhD6lQL2rVBuk4GBH-0kQIbkEj83gMNwDJ6dx7R1KV3CI1\" target=\"_blank\">\n\t\t\t\t\t\t<span class=\"elementor-button-content-wrapper\">\n\t\t\t\t\t\t\t\t\t<span class=\"elementor-button-text\">Donar Ahora<\/span>\n\t\t\t\t\t<\/span>\n\t\t\t\t\t<\/a>\n\t\t\t\t<\/div>\n\t\t\t\t\t\t\t\t<\/div>\n\t\t\t\t<\/div>\n\t\t\t\t\t<\/div>\n\t\t<\/div>\n\t\t\t\t\t<\/div>\n\t\t<\/section>\n\t\t\t\t<div class=\"elementor-element elementor-element-6aa7c0a5 elementor-widget elementor-widget-spacer\" data-id=\"6aa7c0a5\" data-element_type=\"widget\" data-e-type=\"widget\" data-widget_type=\"spacer.default\">\n\t\t\t\t<div class=\"elementor-widget-container\">\n\t\t\t\t\t\t\t<div class=\"elementor-spacer\">\n\t\t\t<div class=\"elementor-spacer-inner\"><\/div>\n\t\t<\/div>\n\t\t\t\t\t\t<\/div>\n\t\t\t\t<\/div>\n\t\t\t\t\t<\/div>\n\t\t<\/div>\n\t\t\t\t<div class=\"elementor-column elementor-col-33 elementor-top-column elementor-element elementor-element-04d9831\" data-id=\"04d9831\" data-element_type=\"column\" data-e-type=\"column\">\n\t\t\t<div class=\"elementor-widget-wrap elementor-element-populated\">\n\t\t\t\t\t\t<div class=\"elementor-element elementor-element-930e8c9 elementor-widget elementor-widget-sidebar\" data-id=\"930e8c9\" data-element_type=\"widget\" data-e-type=\"widget\" data-widget_type=\"sidebar.default\">\n\t\t\t\t<div class=\"elementor-widget-container\">\n\t\t\t\t\t<div id=\"ocean_custom_menu-2\" class=\"sidebar-box widget-oceanwp-custom-menu custom-menu-widget clr\"><h4 class=\"widget-title\">Paginas Adicionales<\/h4><div class=\"oceanwp-custom-menu clr ocean_custom_menu-2 left dropdown-hover\"><ul id=\"menu-sidebar-menu\" class=\"dropdown-menu sf-menu\"><li  id=\"menu-item-1102\" class=\"menu-item menu-item-type-post_type menu-item-object-page menu-item-1102\"><a href=\"https:\/\/mujeresunidas.org\/es\/emergency-shelter\/\" class=\"menu-link\">Refugio de emergencia<\/a><\/li>\n<li  id=\"menu-item-1111\" class=\"menu-item menu-item-type-post_type menu-item-object-page menu-item-1111\"><a href=\"https:\/\/mujeresunidas.org\/es\/family-justice-center\/\" class=\"menu-link\">El Centro de Justicia Familiar<\/a><\/li>\n<li  id=\"menu-item-1124\" class=\"menu-item menu-item-type-post_type menu-item-object-page menu-item-1124\"><a href=\"https:\/\/mujeresunidas.org\/es\/nueva-vida-transitional-housing\/\" class=\"menu-link\">Nueva Vida Transitional Housing<\/a><\/li>\n<li  id=\"menu-item-1177\" class=\"menu-item menu-item-type-post_type menu-item-object-page menu-item-1177\"><a href=\"https:\/\/mujeresunidas.org\/es\/community-education\/\" class=\"menu-link\">Programa de Educaci\u00f3n Comunitaria<\/a><\/li>\n<li  id=\"menu-item-958\" class=\"menu-item menu-item-type-custom menu-item-object-custom menu-item-958\"><a href=\"https:\/\/mujeresunidas.org\/es\/rape-crisis-center\/\" class=\"menu-link\">Rape Crisis Center<\/a><\/li>\n<li  id=\"menu-item-1188\" class=\"menu-item menu-item-type-post_type menu-item-object-page menu-item-1188\"><a href=\"https:\/\/mujeresunidas.org\/es\/counseling-and-crisis-intervention\/\" class=\"menu-link\">Counseling and Crisis Intervention<\/a><\/li>\n<li  id=\"menu-item-1775\" class=\"menu-item menu-item-type-post_type menu-item-object-page menu-item-1775\"><a href=\"https:\/\/mujeresunidas.org\/es\/legal-advocacy\/\" class=\"menu-link\">Defensa legal<\/a><\/li>\n<li  id=\"menu-item-2089\" class=\"menu-item menu-item-type-post_type menu-item-object-page menu-item-2089\"><a href=\"https:\/\/mujeresunidas.org\/es\/calendar-of-events\/\" class=\"menu-link\">Calendario de Eventos<\/a><\/li>\n<li  id=\"menu-item-1805\" class=\"menu-item menu-item-type-post_type menu-item-object-page menu-item-1805\"><a href=\"https:\/\/mujeresunidas.org\/es\/bipp\/\" class=\"menu-link\">Batterer&#8217;s Intervention &#038; Prevention Program<\/a><\/li>\n<\/ul><\/div><\/div>\t\t\t\t<\/div>\n\t\t\t\t<\/div>\n\t\t\t\t\t<\/div>\n\t\t<\/div>\n\t\t\t\t\t<\/div>\n\t\t<\/section>\n\t\t\t\t<\/div>","protected":false},"excerpt":{"rendered":"<p>Community Education Community Education Education to increase knowledge of the dynamics of sexual, domestic, verbal, emotional and financial abuse. To provide agency services such as legal options, counseling, shelter and [&hellip;]<\/p>\n","protected":false},"author":1,"featured_media":0,"parent":0,"menu_order":0,"comment_status":"closed","ping_status":"closed","template":"elementor_header_footer","meta":{"ocean_post_layout":"right-sidebar","ocean_both_sidebars_style":"","ocean_both_sidebars_content_width":0,"ocean_both_sidebars_sidebars_width":0,"ocean_sidebar":"sidebar","ocean_second_sidebar":"0","ocean_disable_margins":"enable","ocean_add_body_class":"","ocean_shortcode_before_top_bar":"","ocean_shortcode_after_top_bar":"","ocean_shortcode_before_header":"","ocean_shortcode_after_header":"","ocean_has_shortcode":"","ocean_shortcode_after_title":"","ocean_shortcode_before_footer_widgets":"","ocean_shortcode_after_footer_widgets":"","ocean_shortcode_before_footer_bottom":"","ocean_shortcode_after_footer_bottom":"","ocean_display_top_bar":"default","ocean_display_header":"default","ocean_header_style":"","ocean_center_header_left_menu":"0","ocean_custom_header_template":"0","ocean_custom_logo":0,"ocean_custom_retina_logo":0,"ocean_custom_logo_max_width":0,"ocean_custom_logo_tablet_max_width":0,"ocean_custom_logo_mobile_max_width":0,"ocean_custom_logo_max_height":0,"ocean_custom_logo_tablet_max_height":0,"ocean_custom_logo_mobile_max_height":0,"ocean_header_custom_menu":"0","ocean_menu_typo_font_family":"0","ocean_menu_typo_font_subset":"","ocean_menu_typo_font_size":0,"ocean_menu_typo_font_size_tablet":0,"ocean_menu_typo_font_size_mobile":0,"ocean_menu_typo_font_size_unit":"px","ocean_menu_typo_font_weight":"","ocean_menu_typo_font_weight_tablet":"","ocean_menu_typo_font_weight_mobile":"","ocean_menu_typo_transform":"","ocean_menu_typo_transform_tablet":"","ocean_menu_typo_transform_mobile":"","ocean_menu_typo_line_height":0,"ocean_menu_typo_line_height_tablet":0,"ocean_menu_typo_line_height_mobile":0,"ocean_menu_typo_line_height_unit":"","ocean_menu_typo_spacing":0,"ocean_menu_typo_spacing_tablet":0,"ocean_menu_typo_spacing_mobile":0,"ocean_menu_typo_spacing_unit":"","ocean_menu_link_color":"","ocean_menu_link_color_hover":"","ocean_menu_link_color_active":"","ocean_menu_link_background":"","ocean_menu_link_hover_background":"","ocean_menu_link_active_background":"","ocean_menu_social_links_bg":"","ocean_menu_social_hover_links_bg":"","ocean_menu_social_links_color":"","ocean_menu_social_hover_links_color":"","ocean_disable_title":"default","ocean_disable_heading":"default","ocean_post_title":"","ocean_post_subheading":"","ocean_post_title_style":"","ocean_post_title_background_color":"","ocean_post_title_background":0,"ocean_post_title_bg_image_position":"","ocean_post_title_bg_image_attachment":"","ocean_post_title_bg_image_repeat":"","ocean_post_title_bg_image_size":"","ocean_post_title_height":0,"ocean_post_title_bg_overlay":0.5,"ocean_post_title_bg_overlay_color":"","ocean_disable_breadcrumbs":"default","ocean_breadcrumbs_color":"","ocean_breadcrumbs_separator_color":"","ocean_breadcrumbs_links_color":"","ocean_breadcrumbs_links_hover_color":"","ocean_display_footer_widgets":"default","ocean_display_footer_bottom":"default","ocean_custom_footer_template":"0","ofc_enable_fullscreen":"disable","ofc_fullscreen_speed":0,"ofc_fullscreen_nav":"enable","ofc_fullscreen_nav_pos":"right","ofc_fullscreen_nav_color":"","ofc_fullscreen_nav_tooltip_color":"","ofc_fullscreen_responsive":0,"osh_disable_topbar_sticky":"default","osh_disable_header_sticky":"default","osh_sticky_header_style":"default","osh_sticky_header_effect":"","osh_custom_sticky_logo":0,"osh_custom_retina_sticky_logo":0,"osh_custom_sticky_logo_height":0,"osh_background_color":"","osh_links_color":"","osh_links_hover_color":"","osh_links_active_color":"","osh_links_bg_color":"","osh_links_hover_bg_color":"","osh_links_active_bg_color":"","osh_menu_social_links_color":"","osh_menu_social_hover_links_color":"","footnotes":""},"class_list":["post-1175","page","type-page","status-publish","hentry","entry"],"_links":{"self":[{"href":"https:\/\/mujeresunidas.org\/es\/wp-json\/wp\/v2\/pages\/1175","targetHints":{"allow":["GET"]}}],"collection":[{"href":"https:\/\/mujeresunidas.org\/es\/wp-json\/wp\/v2\/pages"}],"about":[{"href":"https:\/\/mujeresunidas.org\/es\/wp-json\/wp\/v2\/types\/page"}],"author":[{"embeddable":true,"href":"https:\/\/mujeresunidas.org\/es\/wp-json\/wp\/v2\/users\/1"}],"replies":[{"embeddable":true,"href":"https:\/\/mujeresunidas.org\/es\/wp-json\/wp\/v2\/comments?post=1175"}],"version-history":[{"count":10,"href":"https:\/\/mujeresunidas.org\/es\/wp-json\/wp\/v2\/pages\/1175\/revisions"}],"predecessor-version":[{"id":2041,"href":"https:\/\/mujeresunidas.org\/es\/wp-json\/wp\/v2\/pages\/1175\/revisions\/2041"}],"wp:attachment":[{"href":"https:\/\/mujeresunidas.org\/es\/wp-json\/wp\/v2\/media?parent=1175"}],"curies":[{"name":"wp","href":"https:\/\/api.w.org\/{rel}","templated":true}]}}