{"id":1795,"date":"2021-03-15T11:06:22","date_gmt":"2021-03-15T16:06:22","guid":{"rendered":"https:\/\/mujeresunidas.org\/?page_id=1795"},"modified":"2021-03-15T11:10:18","modified_gmt":"2021-03-15T16:10:18","slug":"bipp","status":"publish","type":"page","link":"https:\/\/mujeresunidas.org\/es\/bipp\/","title":{"rendered":"BIPP"},"content":{"rendered":"<div data-elementor-type=\"wp-post\" data-elementor-id=\"1795\" class=\"elementor elementor-1795\">\n\t\t\t\t\t\t<section class=\"elementor-section elementor-top-section elementor-element elementor-element-760401f3 elementor-section-boxed elementor-section-height-default elementor-section-height-default\" data-id=\"760401f3\" data-element_type=\"section\" data-e-type=\"section\" data-settings=\"{&quot;background_background&quot;:&quot;classic&quot;}\">\n\t\t\t\t\t\t\t<div class=\"elementor-background-overlay\"><\/div>\n\t\t\t\t\t\t\t<div class=\"elementor-container elementor-column-gap-default\">\n\t\t\t\t\t<div class=\"elementor-column elementor-col-16 elementor-top-column elementor-element elementor-element-4857ea4f\" data-id=\"4857ea4f\" data-element_type=\"column\" data-e-type=\"column\">\n\t\t\t<div class=\"elementor-widget-wrap\">\n\t\t\t\t\t\t\t<\/div>\n\t\t<\/div>\n\t\t\t\t<div class=\"elementor-column elementor-col-66 elementor-top-column elementor-element elementor-element-4f1789f2\" data-id=\"4f1789f2\" data-element_type=\"column\" data-e-type=\"column\">\n\t\t\t<div class=\"elementor-widget-wrap elementor-element-populated\">\n\t\t\t\t\t\t<div class=\"elementor-element elementor-element-7e15db65 elementor-widget elementor-widget-heading\" data-id=\"7e15db65\" data-element_type=\"widget\" data-e-type=\"widget\" data-widget_type=\"heading.default\">\n\t\t\t\t<div class=\"elementor-widget-container\">\n\t\t\t\t\t<h2 class=\"elementor-heading-title elementor-size-default\">Programa De Intervercion Y Prevencion De Personas Agresivas<\/h2>\t\t\t\t<\/div>\n\t\t\t\t<\/div>\n\t\t\t\t<div class=\"elementor-element elementor-element-22080130 elementor-widget elementor-widget-text-editor\" data-id=\"22080130\" data-element_type=\"widget\" data-e-type=\"widget\" data-widget_type=\"text-editor.default\">\n\t\t\t\t<div class=\"elementor-widget-container\">\n\t\t\t\t\t\t\t\t\t<p>Comprometidos a terminar con la violencia domestica<\/p>\t\t\t\t\t\t\t\t<\/div>\n\t\t\t\t<\/div>\n\t\t\t\t\t<\/div>\n\t\t<\/div>\n\t\t\t\t<div class=\"elementor-column elementor-col-16 elementor-top-column elementor-element elementor-element-c3c120b\" data-id=\"c3c120b\" data-element_type=\"column\" data-e-type=\"column\">\n\t\t\t<div class=\"elementor-widget-wrap\">\n\t\t\t\t\t\t\t<\/div>\n\t\t<\/div>\n\t\t\t\t\t<\/div>\n\t\t<\/section>\n\t\t\t\t<section class=\"elementor-section elementor-top-section elementor-element elementor-element-cc8143d elementor-section-boxed elementor-section-height-default elementor-section-height-default\" data-id=\"cc8143d\" data-element_type=\"section\" data-e-type=\"section\" data-settings=\"{&quot;background_background&quot;:&quot;classic&quot;}\">\n\t\t\t\t\t\t<div class=\"elementor-container elementor-column-gap-no\">\n\t\t\t\t\t<div class=\"elementor-column elementor-col-50 elementor-top-column elementor-element elementor-element-4816594f\" data-id=\"4816594f\" data-element_type=\"column\" data-e-type=\"column\">\n\t\t\t<div class=\"elementor-widget-wrap elementor-element-populated\">\n\t\t\t\t\t\t<div class=\"elementor-element elementor-element-11c12950 elementor-widget elementor-widget-heading\" data-id=\"11c12950\" data-element_type=\"widget\" data-e-type=\"widget\" data-widget_type=\"heading.default\">\n\t\t\t\t<div class=\"elementor-widget-container\">\n\t\t\t\t\t<h4 class=\"elementor-heading-title elementor-size-default\">Programa De Intervercion Y Prevencion De Personas Agresivas<\/h4>\t\t\t\t<\/div>\n\t\t\t\t<\/div>\n\t\t\t\t<div class=\"elementor-element elementor-element-5092ac72 elementor-widget-divider--view-line elementor-widget elementor-widget-divider\" data-id=\"5092ac72\" data-element_type=\"widget\" data-e-type=\"widget\" data-widget_type=\"divider.default\">\n\t\t\t\t<div class=\"elementor-widget-container\">\n\t\t\t\t\t\t\t<div class=\"elementor-divider\">\n\t\t\t<span class=\"elementor-divider-separator\">\n\t\t\t\t\t\t<\/span>\n\t\t<\/div>\n\t\t\t\t\t\t<\/div>\n\t\t\t\t<\/div>\n\t\t\t\t<div class=\"elementor-element elementor-element-7a9324ca elementor-widget elementor-widget-spacer\" data-id=\"7a9324ca\" data-element_type=\"widget\" data-e-type=\"widget\" data-widget_type=\"spacer.default\">\n\t\t\t\t<div class=\"elementor-widget-container\">\n\t\t\t\t\t\t\t<div class=\"elementor-spacer\">\n\t\t\t<div class=\"elementor-spacer-inner\"><\/div>\n\t\t<\/div>\n\t\t\t\t\t\t<\/div>\n\t\t\t\t<\/div>\n\t\t\t\t<div class=\"elementor-element elementor-element-32843664 elementor-widget elementor-widget-text-editor\" data-id=\"32843664\" data-element_type=\"widget\" data-e-type=\"widget\" data-widget_type=\"text-editor.default\">\n\t\t\t\t<div class=\"elementor-widget-container\">\n\t\t\t\t\t\t\t\t\t<div dir=\"ltr\" class=\"translation-block\">El Programa de Intervenci\u00f3n y Prevenci\u00f3n de Maltratadores es un grupo psicoeducativo para mujeres y hombres que utilizan la violencia como recurso para comunicarse. Este programa est\u00e1 dise\u00f1ado para ayudar a los miembros aprender sobre los sistemas de creencias que desaf\u00edan las normas sociales de comunicaci\u00f3n. Tambi\u00e9n est\u00e1 dise\u00f1ado para ayudar a los miembros a identificar y explorar m\u00e1s a fondo los comportamientos que alimentan una respuesta autom\u00e1tica que causa da\u00f1o y violencia a su pareja e hijos.<\/div><div dir=\"ltr\">\u00a0<\/div><div dir=\"ltr\">El Programa de Intervenci\u00f3n y Prevenci\u00f3n de Maltratadores est\u00e1 compuesto por 24 m\u00f3dulos basados \u200b\u200ben el Plan de Estudios de Poder y Control del Modelo Deluth.\u00a0<\/div><div dir=\"ltr\">\u00a0<\/div><div dir=\"ltr\">Estos 24 m\u00f3dulos se interpretan como 24 sesiones. Cada sesi\u00f3n se imparte semanalmente en grupos de 2 horas. Los grupos se llevan a cabo por separado para hombres y mujeres.<\/div><div dir=\"ltr\">\u00a0<\/div><div dir=\"ltr\">Muchos de nuestros miembros han sido recomendados a este programa a trav\u00e9s del sistema judicial. La coordinadora del programa est\u00e1 disponible para ayudar a facilitar el siguiente paso para los participantes recomendados. Algunos de nuestros participantes vienen de forma voluntaria porque desean mejorar la comunicaci\u00f3n con su pareja y sus familias. Todos los participantes son bienvenidos.<\/div><div dir=\"ltr\">\u00a0<\/div><div dir=\"ltr\"><strong>TARIFA<\/strong><\/div><div dir=\"ltr\"><div><div dir=\"ltr\">El Programa de Prevenci\u00f3n e Intervenci\u00f3n de Maltratadores tiene tarifas. La tarifa de inscripci\u00f3n es de $ 35. Cada sesi\u00f3n cuesta $20.<\/div><div dir=\"ltr\">\u00a0<\/div><\/div><div dir=\"ltr\"><strong>ESTUDIANTES UNIVERSITARIOS \/ VOLUNTARIOS<\/strong><\/div><div dir=\"ltr\">Los estudiantes universitarios que requieran horas de practica en las especialidades de trabajo social, psicolog\u00eda y justicia penal pueden considerar completar sus horas bajo este programa.<\/div><\/div><div dir=\"ltr\">\u00a0<\/div><div dir=\"ltr\"><strong>CONT\u00c1CTENOS<\/strong><\/div><div dir=\"ltr\">Si usted o alguien que conoce est\u00e1 interesado en este programa, no dude en comunicarse con nosotros al (956) 664-2826.<\/div>\t\t\t\t\t\t\t\t<\/div>\n\t\t\t\t<\/div>\n\t\t\t\t<div class=\"elementor-element elementor-element-514e7cfa elementor-widget-divider--view-line elementor-widget elementor-widget-divider\" data-id=\"514e7cfa\" data-element_type=\"widget\" data-e-type=\"widget\" data-widget_type=\"divider.default\">\n\t\t\t\t<div class=\"elementor-widget-container\">\n\t\t\t\t\t\t\t<div class=\"elementor-divider\">\n\t\t\t<span class=\"elementor-divider-separator\">\n\t\t\t\t\t\t<\/span>\n\t\t<\/div>\n\t\t\t\t\t\t<\/div>\n\t\t\t\t<\/div>\n\t\t\t\t\t<\/div>\n\t\t<\/div>\n\t\t\t\t<div class=\"elementor-column elementor-col-50 elementor-top-column elementor-element elementor-element-429dfc79\" data-id=\"429dfc79\" data-element_type=\"column\" data-e-type=\"column\" data-settings=\"{&quot;background_background&quot;:&quot;classic&quot;}\">\n\t\t\t<div class=\"elementor-widget-wrap\">\n\t\t\t\t\t\t\t<\/div>\n\t\t<\/div>\n\t\t\t\t\t<\/div>\n\t\t<\/section>\n\t\t\t\t<\/div>","protected":false},"excerpt":{"rendered":"<p>Batterers Intervention and Prevention Program Committed to Ending Domestic Violence Batterers Intervention and Prevention Program The Batterers Intervention and Prevention Program is a psycho-educational group for women and men that [&hellip;]<\/p>\n","protected":false},"author":1,"featured_media":0,"parent":0,"menu_order":0,"comment_status":"closed","ping_status":"closed","template":"elementor_header_footer","meta":{"ocean_post_layout":"full-screen","ocean_both_sidebars_style":"","ocean_both_sidebars_content_width":0,"ocean_both_sidebars_sidebars_width":0,"ocean_sidebar":"0","ocean_second_sidebar":"0","ocean_disable_margins":"enable","ocean_add_body_class":"","ocean_shortcode_before_top_bar":"","ocean_shortcode_after_top_bar":"","ocean_shortcode_before_header":"","ocean_shortcode_after_header":"","ocean_has_shortcode":"","ocean_shortcode_after_title":"","ocean_shortcode_before_footer_widgets":"","ocean_shortcode_after_footer_widgets":"","ocean_shortcode_before_footer_bottom":"","ocean_shortcode_after_footer_bottom":"","ocean_display_top_bar":"default","ocean_display_header":"default","ocean_header_style":"","ocean_center_header_left_menu":"0","ocean_custom_header_template":"0","ocean_custom_logo":0,"ocean_custom_retina_logo":0,"ocean_custom_logo_max_width":0,"ocean_custom_logo_tablet_max_width":0,"ocean_custom_logo_mobile_max_width":0,"ocean_custom_logo_max_height":0,"ocean_custom_logo_tablet_max_height":0,"ocean_custom_logo_mobile_max_height":0,"ocean_header_custom_menu":"0","ocean_menu_typo_font_family":"0","ocean_menu_typo_font_subset":"","ocean_menu_typo_font_size":0,"ocean_menu_typo_font_size_tablet":0,"ocean_menu_typo_font_size_mobile":0,"ocean_menu_typo_font_size_unit":"px","ocean_menu_typo_font_weight":"","ocean_menu_typo_font_weight_tablet":"","ocean_menu_typo_font_weight_mobile":"","ocean_menu_typo_transform":"","ocean_menu_typo_transform_tablet":"","ocean_menu_typo_transform_mobile":"","ocean_menu_typo_line_height":0,"ocean_menu_typo_line_height_tablet":0,"ocean_menu_typo_line_height_mobile":0,"ocean_menu_typo_line_height_unit":"","ocean_menu_typo_spacing":0,"ocean_menu_typo_spacing_tablet":0,"ocean_menu_typo_spacing_mobile":0,"ocean_menu_typo_spacing_unit":"","ocean_menu_link_color":"","ocean_menu_link_color_hover":"","ocean_menu_link_color_active":"","ocean_menu_link_background":"","ocean_menu_link_hover_background":"","ocean_menu_link_active_background":"","ocean_menu_social_links_bg":"","ocean_menu_social_hover_links_bg":"","ocean_menu_social_links_color":"","ocean_menu_social_hover_links_color":"","ocean_disable_title":"default","ocean_disable_heading":"default","ocean_post_title":"","ocean_post_subheading":"","ocean_post_title_style":"","ocean_post_title_background_color":"","ocean_post_title_background":0,"ocean_post_title_bg_image_position":"","ocean_post_title_bg_image_attachment":"","ocean_post_title_bg_image_repeat":"","ocean_post_title_bg_image_size":"","ocean_post_title_height":0,"ocean_post_title_bg_overlay":0.5,"ocean_post_title_bg_overlay_color":"","ocean_disable_breadcrumbs":"default","ocean_breadcrumbs_color":"","ocean_breadcrumbs_separator_color":"","ocean_breadcrumbs_links_color":"","ocean_breadcrumbs_links_hover_color":"","ocean_display_footer_widgets":"default","ocean_display_footer_bottom":"default","ocean_custom_footer_template":"0","ofc_enable_fullscreen":"disable","ofc_fullscreen_speed":0,"ofc_fullscreen_nav":"enable","ofc_fullscreen_nav_pos":"right","ofc_fullscreen_nav_color":"","ofc_fullscreen_nav_tooltip_color":"","ofc_fullscreen_responsive":0,"osh_disable_topbar_sticky":"default","osh_disable_header_sticky":"default","osh_sticky_header_style":"default","osh_sticky_header_effect":"","osh_custom_sticky_logo":0,"osh_custom_retina_sticky_logo":0,"osh_custom_sticky_logo_height":0,"osh_background_color":"","osh_links_color":"","osh_links_hover_color":"","osh_links_active_color":"","osh_links_bg_color":"","osh_links_hover_bg_color":"","osh_links_active_bg_color":"","osh_menu_social_links_color":"","osh_menu_social_hover_links_color":"","footnotes":""},"class_list":["post-1795","page","type-page","status-publish","hentry","entry"],"_links":{"self":[{"href":"https:\/\/mujeresunidas.org\/es\/wp-json\/wp\/v2\/pages\/1795","targetHints":{"allow":["GET"]}}],"collection":[{"href":"https:\/\/mujeresunidas.org\/es\/wp-json\/wp\/v2\/pages"}],"about":[{"href":"https:\/\/mujeresunidas.org\/es\/wp-json\/wp\/v2\/types\/page"}],"author":[{"embeddable":true,"href":"https:\/\/mujeresunidas.org\/es\/wp-json\/wp\/v2\/users\/1"}],"replies":[{"embeddable":true,"href":"https:\/\/mujeresunidas.org\/es\/wp-json\/wp\/v2\/comments?post=1795"}],"version-history":[{"count":7,"href":"https:\/\/mujeresunidas.org\/es\/wp-json\/wp\/v2\/pages\/1795\/revisions"}],"predecessor-version":[{"id":1803,"href":"https:\/\/mujeresunidas.org\/es\/wp-json\/wp\/v2\/pages\/1795\/revisions\/1803"}],"wp:attachment":[{"href":"https:\/\/mujeresunidas.org\/es\/wp-json\/wp\/v2\/media?parent=1795"}],"curies":[{"name":"wp","href":"https:\/\/api.w.org\/{rel}","templated":true}]}}